{"id":2011,"date":"2013-01-25T22:20:37","date_gmt":"2013-01-25T20:20:37","guid":{"rendered":"http:\/\/www.interlycees.lu\/site\/?page_id=2011"},"modified":"2017-12-12T11:48:38","modified_gmt":"2017-12-12T09:48:38","slug":"emploi_jeunes_2013_01","status":"publish","type":"page","link":"https:\/\/www.interlycees.lu\/site\/albums\/emploi_jeunes_2013_01\/","title":{"rendered":"Matin\u00e9 d&rsquo;Etudes: Emploi pour Jeunes (14 janvier 2013)"},"content":{"rendered":"<p style=\"margin: 10px 0px; padding: 0px; color: #222222; font-family: Verdana, Arial, Helvetica, sans-serif; text-align: left;\">Matin\u00e9e d\u2019\u00c9tudes avec Monsieur Martin SCHULZ, Pr\u00e9sident du Parlement Europ\u00e9en,\u00a0Monsieur Nicolas SCHMIT, Ministre du Travail et de l&rsquo;Emploi Luxbg.,\u00a0Monsieur Pierre BLEY, Directeur G\u00e9n\u00e9ral de l\u2019Union des Entreprises Luxbg. (UEL),\u00a0Monsieur Carlo THELEN, Membre du Comit\u00e9 de Direction et Chief Economist de la Chambre de Commerce Luxbg. (CC).<\/p>\n<p style=\"margin: 10px 0px; padding: 0px; color: #222222; font-family: Verdana, Arial, Helvetica, sans-serif; text-align: left;\"><strong>Date:<\/strong>\u00a0lundi, 14\u00a0janvier\u00a02013<br \/>\n<strong>Lieu:<\/strong>\u00a0Forum Geesekn\u00e4ppchen<br \/>\n<strong>Th\u00e8me:<\/strong>\u00a0\u201cEMPLOIS pour JEUNES: Les initiatives, les mesures, les actions concr\u00e8tes europ\u00e9ennes et luxembourgeoises en faveur de l&#8217;emploi pour les Jeunes\u201d<\/p>\nngg_shortcode_0_placeholder\n<p><span style=\"color: #000000; font-family: Arial; font-size: small; line-height: normal;\">photographe<\/span><span style=\"color: #000000; font-family: Arial; font-size: small; line-height: normal;\">: Ekkehart Schmidt-Fink<\/span><\/p>\n","protected":false},"excerpt":{"rendered":"<p>Matin\u00e9e d\u2019\u00c9tudes avec Monsieur Martin SCHULZ, Pr\u00e9sident du Parlement Europ\u00e9en,\u00a0Monsieur Nicolas SCHMIT, Ministre du Travail et de l&rsquo;Emploi Luxbg.,\u00a0Monsieur Pierre BLEY, Directeur G\u00e9n\u00e9ral de l\u2019Union des Entreprises Luxbg. (UEL),\u00a0Monsieur Carlo THELEN, Membre du Comit\u00e9 de Direction et Chief Economist de la Chambre de Commerce Luxbg. (CC). Date:\u00a0lundi, 14\u00a0janvier\u00a02013 Lieu:\u00a0Forum Geesekn\u00e4ppchen Th\u00e8me:\u00a0\u201cEMPLOIS pour JEUNES: Les initiatives, les mesures, les actions concr\u00e8tes europ\u00e9ennes et luxembourgeoises en faveur de l&#8217;emploi pour les Jeunes\u201d photographe: Ekkehart Schmidt-Fink<\/p>\n","protected":false},"author":1,"featured_media":0,"parent":657,"menu_order":2013,"comment_status":"closed","ping_status":"closed","template":"sidebar-page.php","meta":{"ngg_post_thumbnail":0,"footnotes":""},"class_list":["post-2011","page","type-page","status-publish","hentry"],"_links":{"self":[{"href":"https:\/\/www.interlycees.lu\/site\/wp-json\/wp\/v2\/pages\/2011","targetHints":{"allow":["GET"]}}],"collection":[{"href":"https:\/\/www.interlycees.lu\/site\/wp-json\/wp\/v2\/pages"}],"about":[{"href":"https:\/\/www.interlycees.lu\/site\/wp-json\/wp\/v2\/types\/page"}],"author":[{"embeddable":true,"href":"https:\/\/www.interlycees.lu\/site\/wp-json\/wp\/v2\/users\/1"}],"replies":[{"embeddable":true,"href":"https:\/\/www.interlycees.lu\/site\/wp-json\/wp\/v2\/comments?post=2011"}],"version-history":[{"count":9,"href":"https:\/\/www.interlycees.lu\/site\/wp-json\/wp\/v2\/pages\/2011\/revisions"}],"predecessor-version":[{"id":2503,"href":"https:\/\/www.interlycees.lu\/site\/wp-json\/wp\/v2\/pages\/2011\/revisions\/2503"}],"up":[{"embeddable":true,"href":"https:\/\/www.interlycees.lu\/site\/wp-json\/wp\/v2\/pages\/657"}],"wp:attachment":[{"href":"https:\/\/www.interlycees.lu\/site\/wp-json\/wp\/v2\/media?parent=2011"}],"curies":[{"name":"wp","href":"https:\/\/api.w.org\/{rel}","templated":true}]}}