{"id":1058,"date":"2010-02-19T16:22:54","date_gmt":"2010-02-19T14:22:54","guid":{"rendered":"http:\/\/www.interlycees.lu\/site\/?page_id=1058"},"modified":"2017-12-12T11:49:06","modified_gmt":"2017-12-12T09:49:06","slug":"matinee-d%e2%80%99etudes-trichet-8-juin-2009","status":"publish","type":"page","link":"https:\/\/www.interlycees.lu\/site\/albums\/matinee-d%e2%80%99etudes-trichet-8-juin-2009\/","title":{"rendered":"Matin\u00e9e d&rsquo;Etudes: Trichet (8 juin 2009)"},"content":{"rendered":"<p>Matin\u00e9e d\u2019Etudes avec Monsieur\u00a0<strong>Jean-Claude Trichet<\/strong>, pr\u00e9sident de la Banque Centrale Europ\u00e9enne.<\/p>\n<ul>\n<li><strong>Date:<\/strong> 8 juin 2009 \u2013 14h00-15h30<\/li>\n<li><strong>Lieu:\u00a0BCEE, 16 rue Zithe, Luxembourg<\/strong><\/li>\n<li><strong>Th\u00e8me:<\/strong> \u201cLa crise \u00e9conomique et financi\u00e8re: r\u00e9ponses et perspectives\u201d<\/li>\n<\/ul>\nngg_shortcode_0_placeholder\n","protected":false},"excerpt":{"rendered":"<p>Matin\u00e9e d\u2019Etudes avec Monsieur\u00a0Jean-Claude Trichet, pr\u00e9sident de la Banque Centrale Europ\u00e9enne. Date: 8 juin 2009 \u2013 14h00-15h30 Lieu:\u00a0BCEE, 16 rue Zithe, Luxembourg Th\u00e8me: \u201cLa crise \u00e9conomique et financi\u00e8re: r\u00e9ponses et perspectives\u201d<\/p>\n","protected":false},"author":1,"featured_media":0,"parent":657,"menu_order":2009,"comment_status":"closed","ping_status":"closed","template":"sidebar-page.php","meta":{"ngg_post_thumbnail":0,"footnotes":""},"class_list":["post-1058","page","type-page","status-publish","hentry"],"_links":{"self":[{"href":"https:\/\/www.interlycees.lu\/site\/wp-json\/wp\/v2\/pages\/1058","targetHints":{"allow":["GET"]}}],"collection":[{"href":"https:\/\/www.interlycees.lu\/site\/wp-json\/wp\/v2\/pages"}],"about":[{"href":"https:\/\/www.interlycees.lu\/site\/wp-json\/wp\/v2\/types\/page"}],"author":[{"embeddable":true,"href":"https:\/\/www.interlycees.lu\/site\/wp-json\/wp\/v2\/users\/1"}],"replies":[{"embeddable":true,"href":"https:\/\/www.interlycees.lu\/site\/wp-json\/wp\/v2\/comments?post=1058"}],"version-history":[{"count":8,"href":"https:\/\/www.interlycees.lu\/site\/wp-json\/wp\/v2\/pages\/1058\/revisions"}],"predecessor-version":[{"id":3673,"href":"https:\/\/www.interlycees.lu\/site\/wp-json\/wp\/v2\/pages\/1058\/revisions\/3673"}],"up":[{"embeddable":true,"href":"https:\/\/www.interlycees.lu\/site\/wp-json\/wp\/v2\/pages\/657"}],"wp:attachment":[{"href":"https:\/\/www.interlycees.lu\/site\/wp-json\/wp\/v2\/media?parent=1058"}],"curies":[{"name":"wp","href":"https:\/\/api.w.org\/{rel}","templated":true}]}}